{"id":9,"date":"2026-04-04T14:59:41","date_gmt":"2026-04-04T14:59:41","guid":{"rendered":"https:\/\/paraestudiantes.website\/?page_id=9"},"modified":"2026-04-04T15:08:02","modified_gmt":"2026-04-04T15:08:02","slug":"9-2","status":"publish","type":"page","link":"https:\/\/paraestudiantes.website\/","title":{"rendered":"trang ch\u1ee7 cm88"},"content":{"rendered":"\n<div class=\"row\"  id=\"row-185188752\">\n\n\n\t<div id=\"col-1909430630\" class=\"col small-12 large-12\"  >\n\t\t\t\t<div class=\"col-inner\"  >\n\t\t\t\n\t\t\t\n\n<h1 style=\"text-align: center;\"><strong>CM88 \u2013 Gi\u1ea3i ph\u00e1p gi\u1ea3i tr\u00ed tr\u1ef1c tuy\u1ebfn linh ho\u1ea1t v\u00e0 \u0111\u00e1ng tin c\u1eady<\/strong><\/h1>\n<p>Trong th\u1ecb tr\u01b0\u1eddng gi\u1ea3i tr\u00ed tr\u1ef1c tuy\u1ebfn ng\u00e0y c\u00e0ng c\u1ea1nh tranh, CM88 l\u1ef1a ch\u1ecdn h\u01b0\u1edbng \u0111i ri\u00eang b\u1eb1ng c\u00e1ch t\u1eadp trung v\u00e0o t\u00ednh linh ho\u1ea1t v\u00e0 tr\u1ea3i nghi\u1ec7m th\u1ef1c t\u1ebf c\u1ee7a ng\u01b0\u1eddi d\u00f9ng. N\u1ec1n t\u1ea3ng n\u00e0y kh\u00f4ng ch\u1ea1y theo xu h\u01b0\u1edbng ph\u1ee9c t\u1ea1p m\u00e0 \u01b0u ti\u00ean s\u1ef1 ti\u1ec7n d\u1ee5ng, gi\u00fap ng\u01b0\u1eddi d\u00f9ng d\u1ec5 d\u00e0ng ti\u1ebfp c\u1eadn v\u00e0 s\u1eed d\u1ee5ng ngay t\u1eeb l\u1ea7n \u0111\u1ea7u.<\/p>\n<p>CM88 g\u00e2y \u1ea5n t\u01b0\u1ee3ng nh\u1edd kh\u1ea3 n\u0103ng ho\u1ea1t \u0111\u1ed9ng \u1ed5n \u0111\u1ecbnh tr\u00ean nhi\u1ec1u thi\u1ebft b\u1ecb kh\u00e1c nhau. D\u00f9 s\u1eed d\u1ee5ng \u0111i\u1ec7n tho\u1ea1i hay m\u00e1y t\u00ednh, ng\u01b0\u1eddi d\u00f9ng v\u1eabn c\u00f3 th\u1ec3 t\u1eadn h\u01b0\u1edfng tr\u1ea3i nghi\u1ec7m m\u01b0\u1ee3t m\u00e0, kh\u00f4ng b\u1ecb gi\u00e1n \u0111o\u1ea1n. \u0110\u00e2y l\u00e0 y\u1ebfu t\u1ed1 quan tr\u1ecdng gi\u00fap cm88 gi\u1eef ch\u00e2n kh\u00e1ch h\u00e0ng\u00a0trong th\u1eddi gian d\u00e0i.<\/p>\n<p>Ngo\u00e0i ra, CM88 c\u00f2n ch\u00fa tr\u1ecdng \u0111\u1ebfn s\u1ef1 minh b\u1ea1ch trong c\u00e1ch v\u1eadn h\u00e0nh. C\u00e1c th\u00f4ng tin \u0111\u01b0\u1ee3c tr\u00ecnh b\u00e0y r\u00f5 r\u00e0ng, d\u1ec5 hi\u1ec3u, gi\u00fap ng\u01b0\u1eddi d\u00f9ng ch\u1ee7 \u0111\u1ed9ng h\u01a1n khi tham gia. Song song \u0111\u00f3, \u0111\u1ed9i ng\u0169 h\u1ed7 tr\u1ee3 lu\u00f4n s\u1eb5n s\u00e0ng ph\u1ea3n h\u1ed3i, mang l\u1ea1i c\u1ea3m gi\u00e1c y\u00ean t\u00e2m trong su\u1ed1t qu\u00e1 tr\u00ecnh s\u1eed d\u1ee5ng.<\/p>\n<p>V\u1edbi s\u1ef1 k\u1ebft h\u1ee3p gi\u1eefa c\u00f4ng ngh\u1ec7 \u1ed5n \u0111\u1ecbnh, thi\u1ebft k\u1ebf t\u1ed1i gi\u1ea3n v\u00e0 d\u1ecbch v\u1ee5 chuy\u00ean nghi\u1ec7p, CM88 \u0111ang d\u1ea7n tr\u1edf th\u00e0nh l\u1ef1a ch\u1ecdn ph\u00f9 h\u1ee3p cho nh\u1eefng ai t\u00ecm ki\u1ebfm m\u1ed9t n\u1ec1n t\u1ea3ng gi\u1ea3i tr\u00ed tr\u1ef1c tuy\u1ebfn \u0111\u00e1ng tin c\u1eady v\u00e0 d\u1ec5 s\u1eed d\u1ee5ng.<\/p>\n\n\t\t<\/div>\n\t\t\t\t\t<\/div>\n\n\t\n\n<\/div>\n\n","protected":false},"excerpt":{"rendered":"","protected":false},"author":1,"featured_media":0,"parent":0,"menu_order":0,"comment_status":"closed","ping_status":"closed","template":"","meta":{"footnotes":""},"class_list":["post-9","page","type-page","status-publish","hentry"],"_links":{"self":[{"href":"https:\/\/paraestudiantes.website\/index.php?rest_route=\/wp\/v2\/pages\/9","targetHints":{"allow":["GET"]}}],"collection":[{"href":"https:\/\/paraestudiantes.website\/index.php?rest_route=\/wp\/v2\/pages"}],"about":[{"href":"https:\/\/paraestudiantes.website\/index.php?rest_route=\/wp\/v2\/types\/page"}],"author":[{"embeddable":true,"href":"https:\/\/paraestudiantes.website\/index.php?rest_route=\/wp\/v2\/users\/1"}],"replies":[{"embeddable":true,"href":"https:\/\/paraestudiantes.website\/index.php?rest_route=%2Fwp%2Fv2%2Fcomments&post=9"}],"version-history":[{"count":4,"href":"https:\/\/paraestudiantes.website\/index.php?rest_route=\/wp\/v2\/pages\/9\/revisions"}],"predecessor-version":[{"id":14,"href":"https:\/\/paraestudiantes.website\/index.php?rest_route=\/wp\/v2\/pages\/9\/revisions\/14"}],"wp:attachment":[{"href":"https:\/\/paraestudiantes.website\/index.php?rest_route=%2Fwp%2Fv2%2Fmedia&parent=9"}],"curies":[{"name":"wp","href":"https:\/\/api.w.org\/{rel}","templated":true}]}}